{"id":1064,"date":"2025-09-18T17:38:07","date_gmt":"2025-09-18T17:38:07","guid":{"rendered":"https:\/\/www.krakelee.org\/?page_id=1064"},"modified":"2026-03-05T09:36:49","modified_gmt":"2026-03-05T09:36:49","slug":"mitfinanzieren","status":"publish","type":"page","link":"https:\/\/www.krakelee.org\/en\/mitfinanzieren\/","title":{"rendered":"For supporters"},"content":{"rendered":"<div class=\"wp-block-group alignfull is-layout-flow wp-block-group-is-layout-flow\">\n<div class=\"wp-block-columns stack-1200 is-layout-flex wp-container-core-columns-is-layout-42554db9 wp-block-columns-is-layout-flex\" style=\"padding-right:24px;padding-left:24px\">\n<div class=\"wp-block-column is-vertically-aligned-top is-layout-flow wp-block-column-is-layout-flow\" style=\"flex-basis:60%\">\n<h2 class=\"wp-block-heading alignfull\">How is krakelee club financed?<\/h2>\n\n\n\n<p class=\"hyphenate has-large-font-size\" style=\"line-height:1.5\">krakelee club is a community project that only works if many contribute financially. The more people support krakelee \u2014 even with small amounts \u2014 the fewer expensive loans are needed. The crew has been working entirely on a voluntary basis since 2020.<\/p>\n<\/div>\n<\/div>\n\n\n\n<div class=\"wp-block-columns is-layout-flex wp-container-core-columns-is-layout-42554db9 wp-block-columns-is-layout-flex\" style=\"padding-right:24px;padding-left:24px\">\n<div class=\"wp-block-column is-vertically-aligned-top is-layout-flow wp-block-column-is-layout-flow\" style=\"flex-basis:30%\"><\/div>\n\n\n\n<div class=\"wp-block-column is-layout-flow wp-block-column-is-layout-flow\" style=\"flex-basis:50%\">\n<div class=\"wp-block-group hyphenate has-global-padding is-layout-constrained wp-block-group-is-layout-constrained\">\n<div style=\"height:12px\" aria-hidden=\"true\" class=\"wp-block-spacer\"><\/div>\n\n\n\n<figure class=\"wp-block-image size-large\"><img loading=\"lazy\" decoding=\"async\" width=\"2200\" height=\"1350\" sizes=\"auto, (max-width: 500px) 100vw, 500px\" src=\"https:\/\/www.krakelee.org\/wp-content\/uploads\/2025\/11\/Finanzierungen-eng.svg\" alt=\"\" class=\"wp-image-3803\"\/><figcaption class=\"wp-element-caption\">The krakelee financing pillars: 1. Community financing (cooperative shares, crowdfunding, subordinated loans), 2. Grants from city\/state, 3. Corporate\/bank loans<\/figcaption><\/figure>\n<\/div>\n<\/div>\n\n\n\n<div class=\"wp-block-column is-layout-flow wp-block-column-is-layout-flow\"><\/div>\n<\/div>\n\n\n\n<div style=\"height:80px\" aria-hidden=\"true\" class=\"wp-block-spacer\"><\/div>\n\n\n\n<div class=\"wp-block-columns is-layout-flex wp-container-core-columns-is-layout-42554db9 wp-block-columns-is-layout-flex\" style=\"padding-right:24px;padding-left:24px\">\n<div class=\"wp-block-column is-vertically-aligned-top is-layout-flow wp-block-column-is-layout-flow\" style=\"flex-basis:30%\">\n<h2 class=\"wp-block-heading alignfull hyphenate\">What does krakelee need the money for?<\/h2>\n<\/div>\n\n\n\n<div class=\"wp-block-column is-layout-flow wp-block-column-is-layout-flow\" style=\"flex-basis:50%\">\n<p class=\"has-large-font-size\" style=\"line-height:1.6\"><strong>Our project needs the support of the community so that we can finance krakelee club sustainably. The funds flow into the following main areas:<\/strong><\/p>\n\n\n\n<ol class=\"wp-block-list has-large-font-size\">\n<li><strong>Planning, concept &amp; consultancy:<\/strong> building application, fire-safety reports, acoustic studies and reports, planning of electrics and drainage<\/li>\n\n\n\n<li><strong>Architecture, interior &amp; infrastructure:<\/strong> event-technical and gastronomy equipment, sanitary facilities, accessibility measures, van, renovation<\/li>\n\n\n\n<li><strong>Co-op &amp; financing:<\/strong> tax consultancy, accounting software, co-op matters (e.g., co-op audit)<\/li>\n\n\n\n<li><strong>Long-term stability:<\/strong> So that we are not dependent on short-term income or loans, we need solid reserves and broad financing.<\/li>\n<\/ol>\n\n\n\n<div style=\"height:24px\" aria-hidden=\"true\" class=\"wp-block-spacer\"><\/div>\n\n\n\n<p class=\"has-large-font-size\" style=\"line-height:1.6\"><strong>Areas we currently cover entirely on a voluntary basis:<\/strong>planning (architecture, electrics, fire safety, accessibility), awareness, financial &amp; programme planning, event-tech planning, event planning and booking, external communication, design and IT infrastructure, accounting, membership management, sustainability management, crew care.<\/p>\n\n\n\n<p class=\"has-large-font-size\" style=\"line-height:1.6\"><strong>By supporting us \u2014 whether via buying co-op shares, crowdfunding or member loans \u2014 you become part of a movement that rethinks club culture: collaboratively, sustainably and inclusively.<\/strong><\/p>\n<\/div>\n\n\n\n<div class=\"wp-block-column is-layout-flow wp-block-column-is-layout-flow\"><\/div>\n<\/div>\n\n\n\n<div style=\"height:80px\" aria-hidden=\"true\" class=\"wp-block-spacer\"><\/div>\n\n\n\n<div class=\"wp-block-columns stack-1200 is-layout-flex wp-container-core-columns-is-layout-42554db9 wp-block-columns-is-layout-flex\" style=\"padding-right:24px;padding-left:24px\">\n<div class=\"wp-block-column is-vertically-aligned-top is-layout-flow wp-block-column-is-layout-flow\" style=\"flex-basis:80%\">\n<h2 class=\"wp-block-heading alignfull hyphenate\">You want to co-finance non-commercial subculture? <br>These are your options:<\/h2>\n<\/div>\n<\/div>\n\n\n\n<div class=\"wp-block-columns equal-height stack-781 is-layout-flex wp-container-core-columns-is-layout-fdcf9af5 wp-block-columns-is-layout-flex\" style=\"margin-top:0;margin-bottom:0;padding-top:24px;padding-right:24px;padding-bottom:0px;padding-left:24px\">\n<div class=\"wp-block-column is-layout-flow wp-block-column-is-layout-flow\" style=\"flex-basis:50%\">\n<div class=\"wp-block-cover has-custom-content-position is-position-bottom-right clickable-cover blockcover-hover cover-fill has-xx-large-font-size wp-duotone-unset-1\" style=\"border-radius:40px;margin-top:0;margin-bottom:0;padding-top:24px;padding-right:40px;padding-bottom:24px;padding-left:40px;min-height:280px;aspect-ratio:unset;\"><img data-dominant-color=\"545240\" data-has-transparency=\"false\" style=\"--dominant-color: #545240;\" loading=\"lazy\" decoding=\"async\" width=\"893\" height=\"524\" sizes=\"auto, (max-width: 500px) 100vw, 500px\" class=\"wp-block-cover__image-background wp-image-4005 size-full not-transparent\" alt=\"\" src=\"https:\/\/www.krakelee.org\/wp-content\/uploads\/2025\/11\/esche-lila-klein.webp\" data-object-fit=\"cover\" srcset=\"https:\/\/www.krakelee.org\/wp-content\/uploads\/2025\/11\/esche-lila-klein.webp 893w, https:\/\/www.krakelee.org\/wp-content\/uploads\/2025\/11\/esche-lila-klein-800x469.webp 800w, https:\/\/www.krakelee.org\/wp-content\/uploads\/2025\/11\/esche-lila-klein-768x451.webp 768w, https:\/\/www.krakelee.org\/wp-content\/uploads\/2025\/11\/esche-lila-klein-18x12.webp 18w\" \/><span aria-hidden=\"true\" class=\"wp-block-cover__background has-contrast-background-color has-background-dim-10 has-background-dim\"><\/span><div class=\"wp-block-cover__inner-container has-global-padding is-layout-constrained wp-container-core-cover-is-layout-c84ae2a1 wp-block-cover-is-layout-constrained\">\n<a href=\"https:\/\/www.krakelee.org\/en\/genossin-werden\/\" class=\"cover-link\" target=\"\"><span class=\"sr-only\">Become a co-op member!<\/span><\/a>\n\n\n\n<h2 class=\"wp-block-heading has-text-align-right h2-variant-a has-base-color has-text-color has-link-color wp-elements-eb1e0b37a4294376dd3a23db302dba2c\">Become a co-op member!<\/h2>\n<\/div><\/div>\n<\/div>\n\n\n\n<div class=\"wp-block-column is-layout-flow wp-block-column-is-layout-flow\" style=\"flex-basis:50%\">\n<div class=\"wp-block-cover has-custom-content-position is-position-bottom-right clickable-cover blockcover-hover ratio-32 has-xx-large-font-size wp-duotone-303030-a839b8-2\" style=\"border-radius:40px;margin-top:0;margin-bottom:0;padding-top:24px;padding-right:40px;padding-bottom:24px;padding-left:40px;min-height:320px;aspect-ratio:unset;\"><img data-dominant-color=\"6a5971\" data-has-transparency=\"true\" style=\"--dominant-color: #6a5971;\" loading=\"lazy\" decoding=\"async\" width=\"1600\" height=\"1932\" sizes=\"auto, (max-width: 500px) 100vw, 500px\" class=\"wp-block-cover__image-background wp-image-3793 size-full has-transparency\" alt=\"\" src=\"https:\/\/www.krakelee.org\/wp-content\/uploads\/2025\/11\/mitgliedsdarlehen.webp\" data-object-fit=\"cover\" srcset=\"https:\/\/www.krakelee.org\/wp-content\/uploads\/2025\/11\/mitgliedsdarlehen.webp 1600w, https:\/\/www.krakelee.org\/wp-content\/uploads\/2025\/11\/mitgliedsdarlehen-663x800.webp 663w, https:\/\/www.krakelee.org\/wp-content\/uploads\/2025\/11\/mitgliedsdarlehen-768x927.webp 768w, https:\/\/www.krakelee.org\/wp-content\/uploads\/2025\/11\/mitgliedsdarlehen-1272x1536.webp 1272w\" \/><span aria-hidden=\"true\" class=\"wp-block-cover__background has-contrast-background-color has-background-dim-0 has-background-dim\"><\/span><div class=\"wp-block-cover__inner-container has-global-padding is-layout-constrained wp-container-core-cover-is-layout-c84ae2a1 wp-block-cover-is-layout-constrained\">\n<a href=\"https:\/\/www.krakelee.org\/en\/darlehen\/\" class=\"cover-link\" target=\"\"><span class=\"sr-only\">Gib und ein Mitgliederdarlehen!<\/span><\/a>\n\n\n\n<h2 class=\"wp-block-heading has-text-align-right h2-variant-a has-base-color has-text-color has-link-color wp-elements-886cb4ec1b7dda8e6443a836557a056f\">Give us a member loan!<\/h2>\n<\/div><\/div>\n<\/div>\n<\/div>\n\n\n\n<div class=\"wp-block-columns equal-height stack-781 is-layout-flex wp-container-core-columns-is-layout-7f0bdd71 wp-block-columns-is-layout-flex\" style=\"margin-top:0;margin-bottom:0;padding-top:24px;padding-right:24px;padding-bottom:24px;padding-left:24px\">\n<div class=\"wp-block-column is-vertically-aligned-bottom is-layout-flow wp-container-core-column-is-layout-4969f7bc wp-block-column-is-layout-flow\" style=\"padding-top:0;padding-bottom:0;flex-basis:100%\"><\/div>\n<\/div>\n<\/div>","protected":false},"excerpt":{"rendered":"<p>Wie finanziert sich krakelee? krakelee club ist crowdfinanziert! Je mehr Menschen krakelee finanziell unterst\u00fctzen, desto weniger teure Bankkredite werden gebraucht. Auch kleine Betr\u00e4ge helfen dem Projekt sehr. Die Crew arbeitet seit 2020 \u00fcbrigens vollst\u00e4ndig unbezahlt. Wof\u00fcr braucht krakelee das Geld? Unser Projekt braucht die Unterst\u00fctzung der Community, damit wir krakelee club nachhaltig finanzieren k\u00f6nnen. Das [&hellip;]<\/p>\n","protected":false},"author":2,"featured_media":0,"parent":0,"menu_order":0,"comment_status":"closed","ping_status":"closed","template":"","meta":{"inline_featured_image":false,"footnotes":""},"class_list":["post-1064","page","type-page","status-publish","hentry"],"_links":{"self":[{"href":"https:\/\/www.krakelee.org\/en\/wp-json\/wp\/v2\/pages\/1064","targetHints":{"allow":["GET"]}}],"collection":[{"href":"https:\/\/www.krakelee.org\/en\/wp-json\/wp\/v2\/pages"}],"about":[{"href":"https:\/\/www.krakelee.org\/en\/wp-json\/wp\/v2\/types\/page"}],"author":[{"embeddable":true,"href":"https:\/\/www.krakelee.org\/en\/wp-json\/wp\/v2\/users\/2"}],"replies":[{"embeddable":true,"href":"https:\/\/www.krakelee.org\/en\/wp-json\/wp\/v2\/comments?post=1064"}],"version-history":[{"count":229,"href":"https:\/\/www.krakelee.org\/en\/wp-json\/wp\/v2\/pages\/1064\/revisions"}],"predecessor-version":[{"id":5282,"href":"https:\/\/www.krakelee.org\/en\/wp-json\/wp\/v2\/pages\/1064\/revisions\/5282"}],"wp:attachment":[{"href":"https:\/\/www.krakelee.org\/en\/wp-json\/wp\/v2\/media?parent=1064"}],"curies":[{"name":"wp","href":"https:\/\/api.w.org\/{rel}","templated":true}]}}