{"id":1382,"date":"2025-09-21T10:55:41","date_gmt":"2025-09-21T10:55:41","guid":{"rendered":"https:\/\/www.krakelee.org\/?page_id=1382"},"modified":"2026-03-12T11:51:40","modified_gmt":"2026-03-12T11:51:40","slug":"impressum","status":"publish","type":"page","link":"https:\/\/www.krakelee.org\/en\/impressum\/","title":{"rendered":"Impressum"},"content":{"rendered":"<h2 class=\"wp-block-heading\">Angaben gem\u00e4\u00df \u00a7 5&nbsp;TMG<\/h2>\n\n\n\n<p>krakelee eG<br>Genovevastra\u00dfe 94<br>51063 K\u00f6ln<\/p>\n\n\n\n<p><strong>Vertreten durch den Vorstand:<\/strong><br>Juliane Berg, Jakob Kilian<\/p>\n\n\n\n<p><strong>Vorsitzende des Aufsichtsrats:<\/strong><br>Johanna Warchol<\/p>\n\n\n\n<p>Amtsgericht K\u00f6ln, GnR 944&nbsp;<\/p>\n\n\n\n<p><strong>Auditing Association:<\/strong><br>Association of German Consumer and Service Cooperatives (Pr\u00fcfungsverband deutscher Konsum- und Dienstleistungsgenossenschaften e.V.)<br>Sch\u00f6nhauser Allee 10\u201311<br>10119 Berlin<\/p>\n\n\n\n<p><strong>Corporate Design, Webdesign und Realisation:<\/strong><br>Johanna Warchol, hi@johannawarchol.de<\/p>\n\n\n\n<div style=\"height:40px\" aria-hidden=\"true\" class=\"wp-block-spacer\"><\/div>\n\n\n\n<h3 class=\"wp-block-heading\">Contact<\/h3>\n\n\n\n<p><strong>E\u2011Mail:<\/strong>&nbsp;<a href=\"mailto:web@krakelee.org\">web@krakelee.org<\/a><\/p>\n\n\n\n<div style=\"height:40px\" aria-hidden=\"true\" class=\"wp-block-spacer\"><\/div>\n\n\n\n<h3 class=\"wp-block-heading\">VAT ID<\/h3>\n\n\n\n<p>Value Added Tax Identification Number according to \u00a7 27a of the German VAT Act (UStG):&nbsp;<strong>DE369651002<\/strong><\/p>\n\n\n\n<div style=\"height:40px\" aria-hidden=\"true\" class=\"wp-block-spacer\"><\/div>","protected":false},"excerpt":{"rendered":"<p>Angaben gem\u00e4\u00df \u00a7 5&nbsp;TMG krakelee eGGenovevastra\u00dfe 9451063 K\u00f6ln Vertreten durch den Vorstand:Juliane Berg, Jakob Kilian Vorsitzende des Aufsichtsrats:Johanna Warchol Amtsgericht K\u00f6ln, GnR 944&nbsp; Genossenschaft-Pr\u00fcfverband:Pr\u00fcfungsverband deutscher Konsum- und Dienstleistungsgenossenschaften e.V.Sch\u00f6nhauser Allee 10\u20131110119 Berlin Corporate Design, Webdesign und Realisation:Johanna Warchol, hi@johannawarchol.de Kontakt E\u2011Mail:&nbsp;web@krakelee.org Umsatzsteuer-ID Umsatzsteuer-Identifikationsnummer gem\u00e4\u00df \u00a7 27a UStG:&nbsp;DE369651002<\/p>","protected":false},"author":2,"featured_media":0,"parent":0,"menu_order":0,"comment_status":"closed","ping_status":"closed","template":"","meta":{"inline_featured_image":false,"footnotes":""},"class_list":["post-1382","page","type-page","status-publish","hentry"],"_links":{"self":[{"href":"https:\/\/www.krakelee.org\/en\/wp-json\/wp\/v2\/pages\/1382","targetHints":{"allow":["GET"]}}],"collection":[{"href":"https:\/\/www.krakelee.org\/en\/wp-json\/wp\/v2\/pages"}],"about":[{"href":"https:\/\/www.krakelee.org\/en\/wp-json\/wp\/v2\/types\/page"}],"author":[{"embeddable":true,"href":"https:\/\/www.krakelee.org\/en\/wp-json\/wp\/v2\/users\/2"}],"replies":[{"embeddable":true,"href":"https:\/\/www.krakelee.org\/en\/wp-json\/wp\/v2\/comments?post=1382"}],"version-history":[{"count":4,"href":"https:\/\/www.krakelee.org\/en\/wp-json\/wp\/v2\/pages\/1382\/revisions"}],"predecessor-version":[{"id":5283,"href":"https:\/\/www.krakelee.org\/en\/wp-json\/wp\/v2\/pages\/1382\/revisions\/5283"}],"wp:attachment":[{"href":"https:\/\/www.krakelee.org\/en\/wp-json\/wp\/v2\/media?parent=1382"}],"curies":[{"name":"wp","href":"https:\/\/api.w.org\/{rel}","templated":true}]}}