{"id":1389,"date":"2025-09-21T11:01:14","date_gmt":"2025-09-21T11:01:14","guid":{"rendered":"https:\/\/www.krakelee.org\/?page_id=1389"},"modified":"2025-11-30T20:40:00","modified_gmt":"2025-11-30T20:40:00","slug":"code-of-conduct","status":"publish","type":"page","link":"https:\/\/www.krakelee.org\/en\/code-of-conduct\/","title":{"rendered":"Code of Conduct"},"content":{"rendered":"<div class=\"wp-block-group alignfull is-style-default is-nowrap is-layout-flex wp-container-core-group-is-layout-a41c36b2 wp-block-group-is-layout-flex\" style=\"margin-top:var(--wp--preset--spacing--20);margin-bottom:var(--wp--preset--spacing--20);padding-top:0;padding-right:24px;padding-bottom:0;padding-left:24px\">\n<h2 class=\"wp-block-heading alignfull\">Code of Conduct<\/h2>\n<\/div>\n\n\n\n<div class=\"wp-block-columns alignfull equal-height stack-1200 is-layout-flex wp-container-core-columns-is-layout-566ec3cc wp-block-columns-is-layout-flex\" style=\"margin-top:0px;margin-bottom:24px;padding-top:0px;padding-right:24px;padding-bottom:0px;padding-left:24px\">\n<div class=\"wp-block-column is-vertically-aligned-top is-layout-flow wp-container-core-column-is-layout-9dfef3e0 wp-block-column-is-layout-flow\" style=\"padding-top:0;padding-bottom:0;flex-basis:50%\">\n<p class=\"hyphenate has-x-large-font-size\">Great to have you at a krakelee party! To make sure everyone feels comfortable, the following rules apply:<\/p>\n<\/div>\n\n\n\n<div class=\"wp-block-column is-vertically-aligned-top is-layout-flow wp-container-core-column-is-layout-4969f7bc wp-block-column-is-layout-flow\" style=\"padding-top:0;padding-bottom:0;flex-basis:40%\"><\/div>\n<\/div>\n\n\n\n<div style=\"height:100px\" aria-hidden=\"true\" class=\"wp-block-spacer\"><\/div>\n\n\n\n<div style=\"background-image:url(&#039;https:\/\/www.krakelee.org\/wp-content\/uploads\/2025\/11\/BG-COC-2-scaled.webp&#039;);background-size:cover;\" class=\"wp-block-group alignfull has-global-padding is-layout-constrained wp-block-group-is-layout-constrained has-background\">\n<div style=\"height:100px\" aria-hidden=\"true\" class=\"wp-block-spacer\"><\/div>\n\n\n\n<div class=\"wp-block-columns alignfull equal-height stack-1200 is-layout-flex wp-container-core-columns-is-layout-de2f25aa wp-block-columns-is-layout-flex\" style=\"margin-top:0px;margin-bottom:24px;padding-top:0px;padding-right:24px;padding-bottom:0px;padding-left:24px\">\n<div class=\"wp-block-column is-vertically-aligned-top is-layout-flow wp-container-core-column-is-layout-4969f7bc wp-block-column-is-layout-flow\" style=\"padding-top:0;padding-bottom:0;flex-basis:35.56%\">\n<div class=\"wp-block-group is-layout-flex wp-container-core-group-is-layout-d0921e6e wp-block-group-is-layout-flex\">\n<h2 class=\"wp-block-heading has-text-align-left pill-tag-white has-x-large-font-size\">No room for discrimination<\/h2>\n<\/div>\n\n\n\n<div class=\"wp-block-group has-global-padding is-content-justification-left is-layout-constrained wp-container-core-group-is-layout-584ef1f5 wp-block-group-is-layout-constrained\" style=\"padding-right:1em;padding-left:1em\">\n<p class=\"has-large-font-size\"><strong>Racism, sexism, queerphobia, ableism, classism, and other forms of discrimination have absolutely no place here.<\/strong><\/p>\n<\/div>\n<\/div>\n\n\n\n<div class=\"wp-block-column is-vertically-aligned-top is-layout-flow wp-container-core-column-is-layout-4969f7bc wp-block-column-is-layout-flow\" style=\"padding-top:0;padding-bottom:0;flex-basis:31.11%\">\n<div class=\"wp-block-group is-layout-flex wp-container-core-group-is-layout-d0921e6e wp-block-group-is-layout-flex\">\n<h2 class=\"wp-block-heading has-text-align-left pill-tag-white has-x-large-font-size\">Only yes means yes<\/h2>\n<\/div>\n\n\n\n<div class=\"wp-block-group has-global-padding is-content-justification-left is-layout-constrained wp-container-core-group-is-layout-584ef1f5 wp-block-group-is-layout-constrained\" style=\"padding-right:1em;padding-left:1em\">\n<p class=\"has-large-font-size\"><strong>Consent must be clear, voluntary, and revocable at any time. Ask, listen, and accept a no.<\/strong><\/p>\n<\/div>\n<\/div>\n\n\n\n<div class=\"wp-block-column is-layout-flow wp-block-column-is-layout-flow\" style=\"flex-basis:10%\"><\/div>\n<\/div>\n\n\n\n<div style=\"height:24px\" aria-hidden=\"true\" class=\"wp-block-spacer\"><\/div>\n\n\n\n<div class=\"wp-block-columns alignfull equal-height stack-1200 is-layout-flex wp-container-core-columns-is-layout-fbb2aac8 wp-block-columns-is-layout-flex\" style=\"margin-top:-1px;margin-bottom:24px;padding-top:0px;padding-right:24px;padding-bottom:0px;padding-left:24px\">\n<div class=\"wp-block-column is-vertically-aligned-top is-layout-flow wp-container-core-column-is-layout-4969f7bc wp-block-column-is-layout-flow\" style=\"padding-top:0;padding-bottom:0;flex-basis:27.45%\">\n<div class=\"wp-block-group is-layout-flex wp-container-core-group-is-layout-d0921e6e wp-block-group-is-layout-flex\">\n<h2 class=\"wp-block-heading has-text-align-left pill-tag-white has-x-large-font-size\">Keep your shirt on<\/h2>\n<\/div>\n\n\n\n<div class=\"wp-block-group has-global-padding is-content-justification-left is-layout-constrained wp-container-core-group-is-layout-584ef1f5 wp-block-group-is-layout-constrained\" style=\"padding-right:1em;padding-left:1em\">\n<p class=\"has-large-font-size\"><strong>Dancing topless does not feel the same for everyone. For some it means freedom, for others insecurity or discomfort.<\/strong><\/p>\n<\/div>\n<\/div>\n\n\n\n<div class=\"wp-block-column is-vertically-aligned-top is-layout-flow wp-container-core-column-is-layout-4969f7bc wp-block-column-is-layout-flow\" style=\"padding-top:0;padding-bottom:0;flex-basis:39.22%\">\n<div class=\"wp-block-group is-layout-flex wp-container-core-group-is-layout-d0921e6e wp-block-group-is-layout-flex\">\n<h2 class=\"wp-block-heading has-text-align-left pill-tag-white has-x-large-font-size\">Culture of learning and responsibility<\/h2>\n<\/div>\n\n\n\n<div class=\"wp-block-group has-global-padding is-layout-constrained wp-container-core-group-is-layout-e15fb87c wp-block-group-is-layout-constrained\" style=\"padding-right:1em;padding-left:1em\">\n<p class=\"has-large-font-size\"><strong>We all keep learning. It is important to listen to criticism. Anyone who repeatedly violates boundaries may be excluded to protect affected persons.<\/strong><\/p>\n<\/div>\n<\/div>\n\n\n\n<div class=\"wp-block-column is-layout-flow wp-block-column-is-layout-flow\" style=\"flex-basis:10%\"><\/div>\n<\/div>\n\n\n\n<div style=\"height:24px\" aria-hidden=\"true\" class=\"wp-block-spacer\"><\/div>\n\n\n\n<div class=\"wp-block-columns alignfull equal-height stack-1200 is-layout-flex wp-container-core-columns-is-layout-de2f25aa wp-block-columns-is-layout-flex\" style=\"margin-top:0px;margin-bottom:24px;padding-top:0px;padding-right:24px;padding-bottom:0px;padding-left:24px\">\n<div class=\"wp-block-column is-vertically-aligned-top is-layout-flow wp-container-core-column-is-layout-4969f7bc wp-block-column-is-layout-flow\" style=\"padding-top:0;padding-bottom:0;flex-basis:35%\">\n<div class=\"wp-block-group is-layout-flex wp-container-core-group-is-layout-d0921e6e wp-block-group-is-layout-flex\">\n<h2 class=\"wp-block-heading has-text-align-left pill-tag-white has-x-large-font-size\">No photos or videos<\/h2>\n<\/div>\n\n\n\n<div class=\"wp-block-group has-global-padding is-layout-constrained wp-container-core-group-is-layout-e15fb87c wp-block-group-is-layout-constrained\" style=\"padding-right:1em;padding-left:1em\">\n<p class=\"has-large-font-size\"><strong>What happens on the dancefloor stays there. Each person decides for themselves about their own visibility.<\/strong><\/p>\n<\/div>\n<\/div>\n\n\n\n<div class=\"wp-block-column is-vertically-aligned-top is-layout-flow wp-container-core-column-is-layout-4969f7bc wp-block-column-is-layout-flow\" style=\"padding-top:0;padding-bottom:0;flex-basis:41.27%\">\n<div class=\"wp-block-group is-layout-flex wp-container-core-group-is-layout-d0921e6e wp-block-group-is-layout-flex\">\n<h2 class=\"wp-block-heading has-text-align-left pill-tag-white has-x-large-font-size\">Feedback welcome<\/h2>\n<\/div>\n\n\n\n<div class=\"wp-block-group has-global-padding is-content-justification-left is-layout-constrained wp-container-core-group-is-layout-584ef1f5 wp-block-group-is-layout-constrained\" style=\"padding-right:1em;padding-left:1em\">\n<p class=\"has-large-font-size\"><strong>Feel free to tell us if you notice anything at our parties \u2013 in person or by email (feedback@krakelee.org).<\/strong><\/p>\n<\/div>\n<\/div>\n\n\n\n<div class=\"wp-block-column is-layout-flow wp-block-column-is-layout-flow\" style=\"flex-basis:5%\"><\/div>\n<\/div>\n\n\n\n<div style=\"height:24px\" aria-hidden=\"true\" class=\"wp-block-spacer\"><\/div>\n\n\n\n<div class=\"wp-block-columns alignfull equal-height stack-1200 is-layout-flex wp-container-core-columns-is-layout-de2f25aa wp-block-columns-is-layout-flex\" style=\"margin-top:0px;margin-bottom:24px;padding-top:0px;padding-right:24px;padding-bottom:0px;padding-left:24px\">\n<div class=\"wp-block-column is-vertically-aligned-top is-layout-flow wp-container-core-column-is-layout-4969f7bc wp-block-column-is-layout-flow\" style=\"padding-top:0;padding-bottom:0;flex-basis:30.56%\">\n<div class=\"wp-block-group is-layout-flex wp-container-core-group-is-layout-d0921e6e wp-block-group-is-layout-flex\">\n<h2 class=\"wp-block-heading has-text-align-left pill-tag-white has-x-large-font-size\">Take care of yourself and others<\/h2>\n<\/div>\n\n\n\n<div class=\"wp-block-group has-global-padding is-content-justification-left is-layout-constrained wp-container-core-group-is-layout-584ef1f5 wp-block-group-is-layout-constrained\" style=\"padding-right:1em;padding-left:1em\">\n<p class=\"has-large-font-size\"><strong>Free tap water is available at the bar. Don\u2019t leave your drinks unattended. The use and possession of illegal substances is prohibited. Absolute no-go: GHB\/GBL.<\/strong><\/p>\n<\/div>\n<\/div>\n\n\n\n<div class=\"wp-block-column is-vertically-aligned-top is-layout-flow wp-container-core-column-is-layout-4969f7bc wp-block-column-is-layout-flow\" style=\"padding-top:0;padding-bottom:0;flex-basis:36.11%\">\n<div class=\"wp-block-group is-layout-flex wp-container-core-group-is-layout-d0921e6e wp-block-group-is-layout-flex\">\n<h2 class=\"wp-block-heading has-text-align-left pill-tag-white has-x-large-font-size\">Awareness team present<\/h2>\n<\/div>\n\n\n\n<div class=\"wp-block-group has-global-padding is-content-justification-left is-layout-constrained wp-container-core-group-is-layout-584ef1f5 wp-block-group-is-layout-constrained\" style=\"padding-right:1em;padding-left:1em\">\n<p class=\"has-large-font-size\"><strong>We have trained awareness team members who are available at any time \u2013 roaming or at the entrance. They can be identified by an A on their back.<\/strong><\/p>\n<\/div>\n<\/div>\n\n\n\n<div class=\"wp-block-column is-layout-flow wp-block-column-is-layout-flow\" style=\"flex-basis:5%\"><\/div>\n<\/div>\n\n\n\n<div style=\"height:100px\" aria-hidden=\"true\" class=\"wp-block-spacer\"><\/div>\n<\/div>\n\n\n\n<div style=\"height:100px\" aria-hidden=\"true\" class=\"wp-block-spacer\"><\/div>\n\n\n\n<div class=\"wp-block-group alignfull is-style-default is-nowrap is-layout-flex wp-container-core-group-is-layout-a41c36b2 wp-block-group-is-layout-flex\" style=\"margin-top:var(--wp--preset--spacing--20);margin-bottom:var(--wp--preset--spacing--20);padding-top:0;padding-right:24px;padding-bottom:0;padding-left:24px\">\n<h2 class=\"wp-block-heading alignfull\">Du you have any questions or feedback?<\/h2>\n<\/div>\n\n\n\n<div class=\"wp-block-columns alignfull equal-height stack-1200 is-layout-flex wp-container-core-columns-is-layout-566ec3cc wp-block-columns-is-layout-flex\" style=\"margin-top:0px;margin-bottom:24px;padding-top:0px;padding-right:24px;padding-bottom:0px;padding-left:24px\">\n<div class=\"wp-block-column is-vertically-aligned-top is-layout-flow wp-container-core-column-is-layout-9dfef3e0 wp-block-column-is-layout-flow\" style=\"padding-top:0;padding-bottom:0;flex-basis:50%\">\n<p class=\"hyphenate has-x-large-font-size\">Reach out to us via feedback@krakelee.org<\/p>\n<\/div>\n\n\n\n<div class=\"wp-block-column is-vertically-aligned-top is-layout-flow wp-container-core-column-is-layout-4969f7bc wp-block-column-is-layout-flow\" style=\"padding-top:0;padding-bottom:0;flex-basis:40%\"><\/div>\n<\/div>\n\n\n\n<div style=\"height:100px\" aria-hidden=\"true\" class=\"wp-block-spacer\"><\/div>","protected":false},"excerpt":{"rendered":"<p>Code of Conduct Der Code of Conduct ist ein Verhaltenskodex, dem alle Besucher*innen, Crew-Mitglieder und Artists zustimmen. Damit erkl\u00e4ren sie sich bereit, pers\u00f6nlich zu einem solidarischen Miteinander beizutragen. Damit wir uns alle wohlf\u00fchlen, gilt: Kein Raum f\u00fcr Diskriminierung Rassismus, Sexismus, Queerfeindlichkeit, Ableismus, Klassismus und andere Diskriminierungen haben hier absolut keinen Platz. Nur Ja hei\u00dft Ja [&hellip;]<\/p>\n","protected":false},"author":2,"featured_media":0,"parent":0,"menu_order":0,"comment_status":"closed","ping_status":"closed","template":"","meta":{"inline_featured_image":false,"footnotes":""},"class_list":["post-1389","page","type-page","status-publish","hentry"],"_links":{"self":[{"href":"https:\/\/www.krakelee.org\/en\/wp-json\/wp\/v2\/pages\/1389","targetHints":{"allow":["GET"]}}],"collection":[{"href":"https:\/\/www.krakelee.org\/en\/wp-json\/wp\/v2\/pages"}],"about":[{"href":"https:\/\/www.krakelee.org\/en\/wp-json\/wp\/v2\/types\/page"}],"author":[{"embeddable":true,"href":"https:\/\/www.krakelee.org\/en\/wp-json\/wp\/v2\/users\/2"}],"replies":[{"embeddable":true,"href":"https:\/\/www.krakelee.org\/en\/wp-json\/wp\/v2\/comments?post=1389"}],"version-history":[{"count":189,"href":"https:\/\/www.krakelee.org\/en\/wp-json\/wp\/v2\/pages\/1389\/revisions"}],"predecessor-version":[{"id":5047,"href":"https:\/\/www.krakelee.org\/en\/wp-json\/wp\/v2\/pages\/1389\/revisions\/5047"}],"wp:attachment":[{"href":"https:\/\/www.krakelee.org\/en\/wp-json\/wp\/v2\/media?parent=1389"}],"curies":[{"name":"wp","href":"https:\/\/api.w.org\/{rel}","templated":true}]}}